{"id":26245,"date":"2024-08-22T12:51:19","date_gmt":"2024-08-22T12:51:19","guid":{"rendered":"https:\/\/sublicasa.com\/over-sublicasa\/"},"modified":"2024-10-30T08:10:19","modified_gmt":"2024-10-30T08:10:19","slug":"a-propos-de-sublicasa","status":"publish","type":"page","link":"https:\/\/sublicasa.com\/fr\/a-propos-de-sublicasa\/","title":{"rendered":"\u00c0 propos de Sublicasa"},"content":{"rendered":"\n<section class=\"header-text-block containerBig\">\n        <div class=\"content\">\n            <h1>\u00c0 propos de Sublicasa<\/h1>\n<p>Chez Sublicasa, nous pensons que la maison de vos r\u00eaves est unique, tout comme vous ! C&rsquo;est pourquoi nous commen\u00e7ons chaque aventure par une conversation personnelle pour bien comprendre vos souhaits. Nous vous proposons ensuite la maison id\u00e9ale sur la c\u00f4te espagnole. <strong>Des conseils experts, honn\u00eates, pas de surprises et notre service est pour vous enti\u00e8rement gratuit<\/strong>. Chez Sublicasa, vous ne trouverez pas seulement une maison, mais une maison qui vous convient \u00e0 100% !<\/p>\n            <div class=\"button_group\"><a href=\"https:\/\/sublicasa.com\/fr\/contact\/\" target=\"\">Contactez-nous<\/a><\/div>        <\/div>\n    <\/section>\n\n\n\n\n<section class=\"twi-block orange bg_above img_below\">\n        <div class=\"twi-content\">\n            <h3>Tania Colman et Fran\u00e7ois Thierie, enchant\u00e9<\/h3>\n<p>Rencontrez Tania Colman et Fran\u00e7ois Thierie, les fiers propri\u00e9taires de Sublicasa. Apr\u00e8s des ann\u00e9es de travail pour un autre agent immobilier, nous avons franchi le pas et fond\u00e9 notre propre soci\u00e9t\u00e9 immobili\u00e8re dans la belle Espagne. Nous vivons et travaillons ici avec passion et d\u00e9vouement.<\/p>\n<p>Chez Sublicasa, nous avons appris que certains agents consid\u00e8rent leurs chiffres de vente plus importants que la recherche de la maison id\u00e9ale pour l&rsquo;acheteur. Mais nous croyons en une approche diff\u00e9rente. Nous sommes transparents et honn\u00eates dans nos conseils, m\u00eame si ce n\u2019est pas toujours le message le plus simple. Notre priorit\u00e9 absolue est de trouver le meilleur investissement pour nos clients.<\/p>\n<p>Nous n\u2019avons pas d\u2019agenda cach\u00e9 ni d\u2019aspects n\u00e9gatifs non discut\u00e9s. Nous comprenons qu\u2019il y a toujours des avantages et des inconv\u00e9nients qui sont importants pour vous. C&rsquo;est pourquoi nous serons toujours francs dans nos conseils, afin que vous puissiez prendre la meilleure d\u00e9cision.<\/p>\n<p>D\u00e9couvrez le <strong>SUBLISERVICE<\/strong> de Sublicasa, <strong>o\u00f9 l&rsquo;honn\u00eatet\u00e9 et l&rsquo;orientation client sont au c\u0153ur de notre succ\u00e8s<\/strong>.<\/p>\n                                <\/div>\n        <div class=\"twi-image cover\">\n        <img decoding=\"async\" src=\"https:\/\/sublicasa.com\/wp-content\/uploads\/2024\/09\/IMG_20221001_160045.png\" alt=\"\">\n        <\/div>\n    <\/section>\n\n\n\n\n<section class=\"text-block\">\n    <div class=\"container\">\n        <div class=\"cont\">\n            <div class=\"title\"><h1>D\u00e9couvrez l&rsquo;exp\u00e9rience SUBLICASA unique<\/h1><\/div>\n            <div><\/div>\n        <\/div>\n        <div class=\"cont\">\n            <div class=\"col\"><p>Chez Sublicasa, il n&rsquo;y a pas de slogans vides de sens tels que \u00ab nous sommes le leader du march\u00e9 \u00bb, \u00ab nous sommes le num\u00e9ro 1 \u00bb ou \u00ab nous avons le plus grand choix \u00bb&#8230; Nous croyons en une approche diff\u00e9rente. Notre m\u00e9thode est cr\u00e9ative et innovante, dans le but de vous proposer la maison qui VOUS convient \u00e0 100%, sans aucune forme de pression commerciale.<\/p>\n<p>Chez nous, vous ne trouverez pas d&rsquo;argumentaires de vente, mais <strong>une \u00e9quipe d&rsquo;experts dans leur domaine<\/strong>. Des avocats et notaires aux architectes d&rsquo;int\u00e9rieur et partenaires commerciaux, nous disposons de tous les professionnels n\u00e9cessaires pour garantir le bon d\u00e9roulement de votre exp\u00e9rience immobili\u00e8re.<\/p>\n<\/div>\n            <div class=\"col\"><p>Notre <strong>site Web est mis \u00e0 jour quotidiennement afin que les offres et les prix soient toujours exacts<\/strong>. Vous pouvez d\u00e9marrer votre processus d\u2019achat l\u2019esprit tranquille, sachant que tout est s\u00fbr et fiable sur le plan juridique et financier. Et le meilleur de tout ? Vous \u00e9conomiserez beaucoup de temps et d\u2019\u00e9nergie pendant que nous faisons le travail acharn\u00e9 \u00e0 votre place.<\/p>\n<p>Vivez l&rsquo;exp\u00e9rience unique SUBLICASA et d\u00e9couvrez le pouvoir de l&rsquo;honn\u00eatet\u00e9, de la personnalit\u00e9 et du professionnalisme.<\/p>\n<\/div>\n        <\/div>\n    <\/div>\n<\/section>\n\n\n\n\n<div class=\"twmi-block\">\n    <div class=\"containerBig\">\n    <div class=\"grid \">\n        <div class=\"img-cont\"><img decoding=\"async\" src=\"https:\/\/sublicasa.com\/wp-content\/uploads\/2024\/10\/6-6.jpg\" alt=\"\"><\/div>\n                <div class=\"img-cont\"><img decoding=\"async\" src=\"https:\/\/sublicasa.com\/wp-content\/uploads\/2024\/08\/frames-for-your-heart-aSc-3lww-c0-unsplash.png\" alt=\"\"><\/div>                <div class=\"content\">\n                    <h3>Notre objectif<\/h3>\n                                                                <div class=\"accordion\">\n                                                        <div class=\"section\">\n                                <div class=\"title\"><h4>Devenez ambassadeur Sublicasa<\/h4><div class=\"icon\"><svg xmlns=\"http:\/\/www.w3.org\/2000\/svg\" width=\"12.171\" height=\"11.549\" viewBox=\"0 0 12.171 11.549\">\n\t\t\t\t\t\t\t<g id=\"Icon_feather-arrow-left\" data-name=\"Icon feather-arrow-left\" transform=\"translate(-6.439 18.299) rotate(-90)\">\n\t\t\t\t\t\t\t\t<path id=\"Path_1\" data-name=\"Path 1\" d=\"M17.549,18H7.5\" transform=\"translate(0 -5.475)\" fill=\"none\" stroke=\"#333\" stroke-linecap=\"round\" stroke-linejoin=\"round\" stroke-width=\"1.5\"\/>\n\t\t\t\t\t\t\t\t<path id=\"Path_2\" data-name=\"Path 2\" d=\"M12.525,17.549,7.5,12.525,12.525,7.5\" fill=\"none\" stroke=\"#333\" stroke-linecap=\"round\" stroke-linejoin=\"round\" stroke-width=\"1.5\"\/>\n\t\t\t\t\t\t\t<\/g>\n\t\t\t\t\t\t<\/svg><\/div><\/div>\n                                <div class=\"acc_content\"><p>Chez Sublicasa, nous faisons tout notre possible pour faire de chaque client un ambassadeur. Nous fournissons <strong>un service client et des conseils exceptionnels<\/strong>, exactement ce que nous aimerions recevoir lors de la recherche d&rsquo;une maison.<\/p>\n<\/div>\n                            <\/div>\n                                                        <div class=\"section\">\n                                <div class=\"title\"><h4>Sublicasa Total Care Aftersales<\/h4><div class=\"icon\"><svg xmlns=\"http:\/\/www.w3.org\/2000\/svg\" width=\"12.171\" height=\"11.549\" viewBox=\"0 0 12.171 11.549\">\n\t\t\t\t\t\t\t<g id=\"Icon_feather-arrow-left\" data-name=\"Icon feather-arrow-left\" transform=\"translate(-6.439 18.299) rotate(-90)\">\n\t\t\t\t\t\t\t\t<path id=\"Path_1\" data-name=\"Path 1\" d=\"M17.549,18H7.5\" transform=\"translate(0 -5.475)\" fill=\"none\" stroke=\"#333\" stroke-linecap=\"round\" stroke-linejoin=\"round\" stroke-width=\"1.5\"\/>\n\t\t\t\t\t\t\t\t<path id=\"Path_2\" data-name=\"Path 2\" d=\"M12.525,17.549,7.5,12.525,12.525,7.5\" fill=\"none\" stroke=\"#333\" stroke-linecap=\"round\" stroke-linejoin=\"round\" stroke-width=\"1.5\"\/>\n\t\t\t\t\t\t\t<\/g>\n\t\t\t\t\t\t<\/svg><\/div><\/div>\n                                <div class=\"acc_content\"><p>Gr\u00e2ce \u00e0 notre m\u00e9thode de travail innovante, visant \u00e0 <strong>100 % de satisfaction client<\/strong>, nous vous accompagnons non seulement pendant l&rsquo;achat, mais aussi apr\u00e8s avec notre vaste service apr\u00e8s-vente Sublicasa Total Care.<\/p>\n<\/div>\n                            <\/div>\n                                                        <div class=\"section\">\n                                <div class=\"title\"><h4>Excellent service et attention personnelle<\/h4><div class=\"icon\"><svg xmlns=\"http:\/\/www.w3.org\/2000\/svg\" width=\"12.171\" height=\"11.549\" viewBox=\"0 0 12.171 11.549\">\n\t\t\t\t\t\t\t<g id=\"Icon_feather-arrow-left\" data-name=\"Icon feather-arrow-left\" transform=\"translate(-6.439 18.299) rotate(-90)\">\n\t\t\t\t\t\t\t\t<path id=\"Path_1\" data-name=\"Path 1\" d=\"M17.549,18H7.5\" transform=\"translate(0 -5.475)\" fill=\"none\" stroke=\"#333\" stroke-linecap=\"round\" stroke-linejoin=\"round\" stroke-width=\"1.5\"\/>\n\t\t\t\t\t\t\t\t<path id=\"Path_2\" data-name=\"Path 2\" d=\"M12.525,17.549,7.5,12.525,12.525,7.5\" fill=\"none\" stroke=\"#333\" stroke-linecap=\"round\" stroke-linejoin=\"round\" stroke-width=\"1.5\"\/>\n\t\t\t\t\t\t\t<\/g>\n\t\t\t\t\t\t<\/svg><\/div><\/div>\n                                <div class=\"acc_content\"><p>Nous sommes fiers de notre <strong>excellent service et de notre approche personnelle<\/strong>. Notre \u00e9quipe d\u00e9vou\u00e9e est toujours pr\u00eate \u00e0 vous aider et nos clients nous recommandent avec enthousiasme \u00e0 leurs amis et connaissances.<\/p>\n<\/div>\n                            <\/div>\n                                                        <div class=\"section\">\n                                <div class=\"title\"><h4>Service client rapide et utile<\/h4><div class=\"icon\"><svg xmlns=\"http:\/\/www.w3.org\/2000\/svg\" width=\"12.171\" height=\"11.549\" viewBox=\"0 0 12.171 11.549\">\n\t\t\t\t\t\t\t<g id=\"Icon_feather-arrow-left\" data-name=\"Icon feather-arrow-left\" transform=\"translate(-6.439 18.299) rotate(-90)\">\n\t\t\t\t\t\t\t\t<path id=\"Path_1\" data-name=\"Path 1\" d=\"M17.549,18H7.5\" transform=\"translate(0 -5.475)\" fill=\"none\" stroke=\"#333\" stroke-linecap=\"round\" stroke-linejoin=\"round\" stroke-width=\"1.5\"\/>\n\t\t\t\t\t\t\t\t<path id=\"Path_2\" data-name=\"Path 2\" d=\"M12.525,17.549,7.5,12.525,12.525,7.5\" fill=\"none\" stroke=\"#333\" stroke-linecap=\"round\" stroke-linejoin=\"round\" stroke-width=\"1.5\"\/>\n\t\t\t\t\t\t\t<\/g>\n\t\t\t\t\t\t<\/svg><\/div><\/div>\n                                <div class=\"acc_content\"><p>Sublicasa s&rsquo;efforce d&rsquo;offrir un service rapide et utile. Nous pensons que les deux sont essentiels et garantissons donc <strong>une r\u00e9ponse dans les 24 heures<\/strong>, en mettant l\u2019accent sur l\u2019empathie, la transparence et la coh\u00e9rence.<\/p>\n<\/div>\n                            <\/div>\n                                                    <\/div>\n                                    <\/div>\n        <\/div>\n    <\/div>\n<\/div>\n\n\n<section class=\"text-block\">\n    <div class=\"container\">\n        <div class=\"cont\">\n            <div class=\"title\"><h3>D\u00e9couvrez la r\u00e9volution SUBLICASA : un accompagnement et suivi expert et transparent<\/h3><\/div>\n            <div><\/div>\n        <\/div>\n        <div class=\"cont\">\n            <div class=\"col\"><p>Chez SUBLICASA, nous croyons en une <strong>communication honn\u00eate et en toute\u00a0 transparence<\/strong>. Nous sommes surpris de voir combien peu d\u2019agents immobiliers parlent ouvertement des avantages et des inconv\u00e9nients des maisons et de leur environnement. D\u2019ailleurs, nos clients nous disent r\u00e9guli\u00e8rement qu\u2019ils trouvent sur internet des logements d\u00e9j\u00e0 vendus ou que les prix ne sont pas corrects !<\/p>\n<p>Vous pouvez passer des heures \u00e0 chercher une maison, mais qu\u2019est-ce qui est r\u00e9ellement fiable\u00a0? Vous demandez des informations suppl\u00e9mentaires partout, ce qui vous inonde d&rsquo;appels t\u00e9l\u00e9phoniques et d&rsquo;e-mails&#8230; Et nous n&rsquo;avons m\u00eame pas mentionn\u00e9 les conseils experts et conviviaux promis.<\/p>\n<\/div>\n            <div class=\"col\"><ul>\n<li>Communication honn\u00eate et transparente, sans infos cach\u00e9es.<\/li>\n<li>Nous discutons des avantages et des inconv\u00e9nients de chaque maison et environnement.<\/li>\n<li>Uniquement les propri\u00e9t\u00e9s actuelles avec des prix corrects, sans informations p\u00e9rim\u00e9es ou trompeuses.<\/li>\n<li>Vous n&rsquo;avez pas besoin de chercher pendant des heures\u00a0; nous proposons uniquement des options fiables.<\/li>\n<li>Nos conseils experts et conviviaux garantissent que vous ne serez jamais inond\u00e9 d\u2019appels t\u00e9l\u00e9phoniques ou d\u2019e-mails inutiles.<\/li>\n<\/ul>\n<\/div>\n        <\/div>\n    <\/div>\n<\/section>\n\n\n\n\n<section class=\"reviews-block\">\n    <div class=\"bg\"><\/div>\n    <div class=\"flex\">\n        <div class=\"content\">\n            <h5>t\u00e9moignages<\/h5>            <h2>Ce que les autres disent de nous<\/h2>\n            <div class=\"button_group\">\n                            <a href=\"\/fr\/reviews\/\">Plus de t\u00e9moignages<\/a>\n                        <\/div>\n        <\/div>\n        <div class=\"review-slider\">  \n                                            <div class=\"review\">\n                <div class=\"content\">\n                    \n<p>\u00ab\u00a0Merci pour votre agr\u00e9able coop\u00e9ration et vos tr\u00e8s bons conseils et orientations lors de notre achat\u00a0\u00bb<\/p>\n                <\/div>\n                <div class=\"bottom\">\n                <div class=\"rating\"><span style=\"width:200px\"><\/span><\/div>                    <div class=\"info\">\n                        <h4>Deborah et Tony<\/h4>\n                        <p class=\"location\"><\/p>\n                    <\/div>\n                <\/div>\n            <\/div>\n                            <div class=\"review\">\n                <div class=\"content\">\n                    \n<p>\u00ab Nous avons eu une tr\u00e8s bonne exp\u00e9rience avec Tania et Fran\u00e7ois de Sublicasa. Gr\u00e2ce \u00e0 une bonne pr\u00e9paration, ils ont su exactement ce que nous recherchions. Ils ont trouv\u00e9 le lieu parfait pour nous \u00e0 Finestrat. Nous y avons trouv\u00e9 le projet de nos r\u00eaves gr\u00e2ce \u00e0 eux ! Nous recommandons vivement Sublicasa. \u00bb<\/p>\n                <\/div>\n                <div class=\"bottom\">\n                <div class=\"rating\"><span style=\"width:200px\"><\/span><\/div>                    <div class=\"info\">\n                        <h4>Pricilla et Adam<\/h4>\n                        <p class=\"location\"><\/p>\n                    <\/div>\n                <\/div>\n            <\/div>\n                            <div class=\"review\">\n                <div class=\"content\">\n                    \n<p>\u00ab\u00a0Merci pour votre agr\u00e9able coop\u00e9ration et vos tr\u00e8s bons conseils et orientations lors de notre achat\u00a0\u00bb<\/p>\n                <\/div>\n                <div class=\"bottom\">\n                <div class=\"rating\"><span style=\"width:200px\"><\/span><\/div>                    <div class=\"info\">\n                        <h4>Deborah et Tony<\/h4>\n                        <p class=\"location\"><\/p>\n                    <\/div>\n                <\/div>\n            <\/div>\n                            <div class=\"review\">\n                <div class=\"content\">\n                    \n<p>\u00ab Nous avons eu une tr\u00e8s bonne exp\u00e9rience avec Tania et Fran\u00e7ois de Sublicasa. Gr\u00e2ce \u00e0 une bonne pr\u00e9paration, ils ont su exactement ce que nous recherchions. Ils ont trouv\u00e9 le lieu parfait pour nous \u00e0 Finestrat. Nous y avons trouv\u00e9 le projet de nos r\u00eaves gr\u00e2ce \u00e0 eux ! Nous recommandons vivement Sublicasa. \u00bb<\/p>\n                <\/div>\n                <div class=\"bottom\">\n                <div class=\"rating\"><span style=\"width:200px\"><\/span><\/div>                    <div class=\"info\">\n                        <h4>Pricilla et Adam<\/h4>\n                        <p class=\"location\"><\/p>\n                    <\/div>\n                <\/div>\n            <\/div>\n                            <div class=\"review\">\n                <div class=\"content\">\n                    \n<p>\u00ab Ch\u00e8re Tania et Fran\u00e7ois,<\/p>\n\n\n\n<p>Merci beaucoup pour les nombreuses informations que vous m&rsquo;envoyez.<\/p>\n\n\n\n<p>Vous \u00eates vraiment une entreprise au top qui veut prot\u00e9ger l&rsquo;acheteur dans tous les domaines contre les impr\u00e9vus et les points n\u00e9gatifs. J&rsquo;ai fait appel \u00e0 plusieurs agences immobili\u00e8res dans ma recherche ces derniers mois mais aucune d&rsquo;entre elles ne m&rsquo;a donn\u00e9 ces informations tr\u00e8s importantes comme vous le faites !! Tout simplement au top !! \u00bb<\/p>\n                <\/div>\n                <div class=\"bottom\">\n                <div class=\"rating\"><span style=\"width:200px\"><\/span><\/div>                    <div class=\"info\">\n                        <h4>Guy F.<\/h4>\n                        <p class=\"location\"><\/p>\n                    <\/div>\n                <\/div>\n            <\/div>\n                                    <div class=\"slick-arrows\">\n                    <button type=\"button\" class=\"slick-prev\">\n                        <svg xmlns=\"http:\/\/www.w3.org\/2000\/svg\" width=\"32\" height=\"32\" viewBox=\"0 0 32 32\">\n                            <g id=\"Group_64\" data-name=\"Group 64\" transform=\"translate(-298 -1770)\">\n                                <circle id=\"Ellipse_1\" data-name=\"Ellipse 1\" cx=\"16\" cy=\"16\" r=\"16\" transform=\"translate(298 1770)\" fill=\"#fff\"\/>\n                                <g id=\"Icon_feather-arrow-left\" data-name=\"Icon feather-arrow-left\" transform=\"translate(301.475 1773.45)\">\n                                <path id=\"Path_1\" data-name=\"Path 1\" d=\"M17.549,18H7.5\" transform=\"translate(0 -5.475)\" fill=\"none\" stroke=\"#36a9e1\" stroke-linecap=\"round\" stroke-linejoin=\"round\" stroke-width=\"1.5\"\/>\n                                <path id=\"Path_2\" data-name=\"Path 2\" d=\"M12.525,17.549,7.5,12.525,12.525,7.5\" fill=\"none\" stroke=\"#36a9e1\" stroke-linecap=\"round\" stroke-linejoin=\"round\" stroke-width=\"1.5\"\/>\n                                <\/g>\n                            <\/g>\n                        <\/svg>\n                    <\/button>\n                    <button type=\"button\" class=\"slick-next\">\n                        <svg xmlns=\"http:\/\/www.w3.org\/2000\/svg\" width=\"32\" height=\"32\" viewBox=\"0 0 32 32\">\n                            <g id=\"Group_49\" data-name=\"Group 49\" transform=\"translate(330 1802) rotate(180)\">\n                                <circle id=\"Ellipse_1\" data-name=\"Ellipse 1\" cx=\"16\" cy=\"16\" r=\"16\" transform=\"translate(298 1770)\" fill=\"#fff\"\/>\n                                <g id=\"Icon_feather-arrow-left\" data-name=\"Icon feather-arrow-left\" transform=\"translate(301.475 1773.45)\">\n                                <path id=\"Path_1\" data-name=\"Path 1\" d=\"M17.549,18H7.5\" transform=\"translate(0 -5.475)\" fill=\"none\" stroke=\"#36a9e1\" stroke-linecap=\"round\" stroke-linejoin=\"round\" stroke-width=\"1.5\"\/>\n                                <path id=\"Path_2\" data-name=\"Path 2\" d=\"M12.525,17.549,7.5,12.525,12.525,7.5\" fill=\"none\" stroke=\"#36a9e1\" stroke-linecap=\"round\" stroke-linejoin=\"round\" stroke-width=\"1.5\"\/>\n                                <\/g>\n                            <\/g>\n                        <\/svg>\n                    <\/button>\n            <\/div>\n        <\/div>\n    <\/div>\n<\/section>\n\n","protected":false},"excerpt":{"rendered":"","protected":false},"author":1,"featured_media":0,"parent":0,"menu_order":53,"comment_status":"closed","ping_status":"closed","template":"","meta":{"_acf_changed":false,"inline_featured_image":false,"footnotes":""},"class_list":["post-26245","page","type-page","status-publish","hentry"],"acf":[],"yoast_head":"<!-- This site is optimized with the Yoast SEO plugin v27.5 - https:\/\/yoast.com\/product\/yoast-seo-wordpress\/ -->\n<title>\u00c0 propos de Sublicasa - Sublicasa<\/title>\n<meta name=\"description\" content=\"Votre agent immobilier n\u00e9erlando-belge pour la Costa Blanca et la Costa del Sol. Conseils professionnels, solutions sur mesure, passion et service d\u00e9di\u00e9.\" \/>\n<meta name=\"robots\" content=\"index, follow, max-snippet:-1, max-image-preview:large, max-video-preview:-1\" \/>\n<link rel=\"canonical\" href=\"https:\/\/sublicasa.com\/fr\/a-propos-de-sublicasa\/\" \/>\n<meta property=\"og:locale\" content=\"fr_FR\" \/>\n<meta property=\"og:type\" content=\"article\" \/>\n<meta property=\"og:title\" content=\"\u00c0 propos de Sublicasa - Sublicasa\" \/>\n<meta property=\"og:description\" content=\"Votre agent immobilier n\u00e9erlando-belge pour la Costa Blanca et la Costa del Sol. Conseils professionnels, solutions sur mesure, passion et service d\u00e9di\u00e9.\" \/>\n<meta property=\"og:url\" content=\"https:\/\/sublicasa.com\/fr\/a-propos-de-sublicasa\/\" \/>\n<meta property=\"og:site_name\" content=\"Sublicasa\" \/>\n<meta property=\"article:modified_time\" content=\"2024-10-30T08:10:19+00:00\" \/>\n<meta name=\"twitter:card\" content=\"summary_large_image\" \/>\n<script type=\"application\/ld+json\" class=\"yoast-schema-graph\">{\"@context\":\"https:\\\/\\\/schema.org\",\"@graph\":[{\"@type\":\"WebPage\",\"@id\":\"https:\\\/\\\/sublicasa.com\\\/fr\\\/a-propos-de-sublicasa\\\/\",\"url\":\"https:\\\/\\\/sublicasa.com\\\/fr\\\/a-propos-de-sublicasa\\\/\",\"name\":\"\u00c0 propos de Sublicasa - Sublicasa\",\"isPartOf\":{\"@id\":\"https:\\\/\\\/sublicasa.com\\\/fr\\\/#website\"},\"datePublished\":\"2024-08-22T12:51:19+00:00\",\"dateModified\":\"2024-10-30T08:10:19+00:00\",\"description\":\"Votre agent immobilier n\u00e9erlando-belge pour la Costa Blanca et la Costa del Sol. Conseils professionnels, solutions sur mesure, passion et service d\u00e9di\u00e9.\",\"breadcrumb\":{\"@id\":\"https:\\\/\\\/sublicasa.com\\\/fr\\\/a-propos-de-sublicasa\\\/#breadcrumb\"},\"inLanguage\":\"fr-FR\",\"potentialAction\":[{\"@type\":\"ReadAction\",\"target\":[\"https:\\\/\\\/sublicasa.com\\\/fr\\\/a-propos-de-sublicasa\\\/\"]}]},{\"@type\":\"BreadcrumbList\",\"@id\":\"https:\\\/\\\/sublicasa.com\\\/fr\\\/a-propos-de-sublicasa\\\/#breadcrumb\",\"itemListElement\":[{\"@type\":\"ListItem\",\"position\":1,\"name\":\"Home\",\"item\":\"https:\\\/\\\/sublicasa.com\\\/fr\\\/\"},{\"@type\":\"ListItem\",\"position\":2,\"name\":\"\u00c0 propos de Sublicasa\"}]},{\"@type\":\"WebSite\",\"@id\":\"https:\\\/\\\/sublicasa.com\\\/fr\\\/#website\",\"url\":\"https:\\\/\\\/sublicasa.com\\\/fr\\\/\",\"name\":\"Sublicasa\",\"description\":\"\",\"potentialAction\":[{\"@type\":\"SearchAction\",\"target\":{\"@type\":\"EntryPoint\",\"urlTemplate\":\"https:\\\/\\\/sublicasa.com\\\/fr\\\/?s={search_term_string}\"},\"query-input\":{\"@type\":\"PropertyValueSpecification\",\"valueRequired\":true,\"valueName\":\"search_term_string\"}}],\"inLanguage\":\"fr-FR\"}]}<\/script>\n<!-- \/ Yoast SEO plugin. -->","yoast_head_json":{"title":"\u00c0 propos de Sublicasa - Sublicasa","description":"Votre agent immobilier n\u00e9erlando-belge pour la Costa Blanca et la Costa del Sol. Conseils professionnels, solutions sur mesure, passion et service d\u00e9di\u00e9.","robots":{"index":"index","follow":"follow","max-snippet":"max-snippet:-1","max-image-preview":"max-image-preview:large","max-video-preview":"max-video-preview:-1"},"canonical":"https:\/\/sublicasa.com\/fr\/a-propos-de-sublicasa\/","og_locale":"fr_FR","og_type":"article","og_title":"\u00c0 propos de Sublicasa - Sublicasa","og_description":"Votre agent immobilier n\u00e9erlando-belge pour la Costa Blanca et la Costa del Sol. Conseils professionnels, solutions sur mesure, passion et service d\u00e9di\u00e9.","og_url":"https:\/\/sublicasa.com\/fr\/a-propos-de-sublicasa\/","og_site_name":"Sublicasa","article_modified_time":"2024-10-30T08:10:19+00:00","twitter_card":"summary_large_image","schema":{"@context":"https:\/\/schema.org","@graph":[{"@type":"WebPage","@id":"https:\/\/sublicasa.com\/fr\/a-propos-de-sublicasa\/","url":"https:\/\/sublicasa.com\/fr\/a-propos-de-sublicasa\/","name":"\u00c0 propos de Sublicasa - Sublicasa","isPartOf":{"@id":"https:\/\/sublicasa.com\/fr\/#website"},"datePublished":"2024-08-22T12:51:19+00:00","dateModified":"2024-10-30T08:10:19+00:00","description":"Votre agent immobilier n\u00e9erlando-belge pour la Costa Blanca et la Costa del Sol. Conseils professionnels, solutions sur mesure, passion et service d\u00e9di\u00e9.","breadcrumb":{"@id":"https:\/\/sublicasa.com\/fr\/a-propos-de-sublicasa\/#breadcrumb"},"inLanguage":"fr-FR","potentialAction":[{"@type":"ReadAction","target":["https:\/\/sublicasa.com\/fr\/a-propos-de-sublicasa\/"]}]},{"@type":"BreadcrumbList","@id":"https:\/\/sublicasa.com\/fr\/a-propos-de-sublicasa\/#breadcrumb","itemListElement":[{"@type":"ListItem","position":1,"name":"Home","item":"https:\/\/sublicasa.com\/fr\/"},{"@type":"ListItem","position":2,"name":"\u00c0 propos de Sublicasa"}]},{"@type":"WebSite","@id":"https:\/\/sublicasa.com\/fr\/#website","url":"https:\/\/sublicasa.com\/fr\/","name":"Sublicasa","description":"","potentialAction":[{"@type":"SearchAction","target":{"@type":"EntryPoint","urlTemplate":"https:\/\/sublicasa.com\/fr\/?s={search_term_string}"},"query-input":{"@type":"PropertyValueSpecification","valueRequired":true,"valueName":"search_term_string"}}],"inLanguage":"fr-FR"}]}},"_links":{"self":[{"href":"https:\/\/sublicasa.com\/fr\/wp-json\/wp\/v2\/pages\/26245","targetHints":{"allow":["GET"]}}],"collection":[{"href":"https:\/\/sublicasa.com\/fr\/wp-json\/wp\/v2\/pages"}],"about":[{"href":"https:\/\/sublicasa.com\/fr\/wp-json\/wp\/v2\/types\/page"}],"author":[{"embeddable":true,"href":"https:\/\/sublicasa.com\/fr\/wp-json\/wp\/v2\/users\/1"}],"replies":[{"embeddable":true,"href":"https:\/\/sublicasa.com\/fr\/wp-json\/wp\/v2\/comments?post=26245"}],"version-history":[{"count":5,"href":"https:\/\/sublicasa.com\/fr\/wp-json\/wp\/v2\/pages\/26245\/revisions"}],"predecessor-version":[{"id":27963,"href":"https:\/\/sublicasa.com\/fr\/wp-json\/wp\/v2\/pages\/26245\/revisions\/27963"}],"wp:attachment":[{"href":"https:\/\/sublicasa.com\/fr\/wp-json\/wp\/v2\/media?parent=26245"}],"curies":[{"name":"wp","href":"https:\/\/api.w.org\/{rel}","templated":true}]}}